{"id":14904,"date":"2011-10-15T10:46:00","date_gmt":"2011-10-15T09:46:00","guid":{"rendered":"https:\/\/intifadhasahraouie.wordpress.com\/?page_id=14904"},"modified":"2011-10-15T10:46:00","modified_gmt":"2011-10-15T09:46:00","slug":"la-resistencia-del-pueblo-saharaui","status":"publish","type":"page","link":"http:\/\/xnalgrt.cluster100.hosting.ovh.net\/index.php\/la-resistencia-del-pueblo-saharaui\/","title":{"rendered":"La resistencia del pueblo saharaui"},"content":{"rendered":"<div class=\"separator\" style=\"clear:both;text-align:center;\"><a href=\"https:\/\/intifadhasahraouie.files.wordpress.com\/2011\/10\/b397a-map_sahara.jpg\" style=\"margin-left:1em;margin-right:1em;\"><img loading=\"lazy\" decoding=\"async\" border=\"0\" height=\"300\" src=\"https:\/\/intifadhasahraouie.files.wordpress.com\/2011\/10\/b397a-map_sahara.jpg?w=300\" width=\"640\" \/><\/a><\/div>\n<div style=\"text-align:justify;\">Hay incidentes que pueden marcar un punto de coyuntura en la historia, que pueden hacer un llamado al mundo sobre una situaci\u00f3n hasta el momento mantenida en un limbo, en una zona de silencio y que despierta a voces la conciencia del mundo. <\/p>\n<p>La escalada de violencia que se ha desencadenado contra la poblaci\u00f3n saharaui por parte de la monarqu\u00eda alauita de Marruecos, es un episodio que se espera que sirva de un nuevo impulso para la liberaci\u00f3n definitiva del S\u00e1hara Occidental, o de la llamada Rep\u00fablica \u00c1rabe Saharaui. <\/p>\n<p>Pero es bueno hacer un poco de historia. <\/p>\n<p>Hasta mediados del siglo IXX, la tierra saharaui, est\u00e1 totalmente libre de la ocupaci\u00f3n extranjera. Las relaciones con Espa\u00f1a se limitaron en su mayor\u00eda a cuestiones sobre pesca, el inter\u00e9s espa\u00f1ol en el territorio del Sahara Occidental principalmente estaba determinado por su deseo de proteger el archipi\u00e9lago canario, situado frente a las costas saharauies. <\/p>\n<p>En 1934, los jefes de las dispersas y n\u00f3madas tribus saharauis firman su sometimiento amistoso a los espa\u00f1oles, que empiezan desde entonces a denominara la zona como \u201cSahara Espa\u00f1ol\u201d. La ocupaci\u00f3n efectiva de todo el territorio del S\u00e1hara por la administraci\u00f3n espa\u00f1ola ser\u00e1 en 1936, aunque Espa\u00f1a lleva ya 50 a\u00f1os en la regi\u00f3n. <\/p>\n<p>Espa\u00f1a ingresa en las <a href=\"http:\/\/www.un.org\/es\/\">Naciones Unidas<\/a> en 1955, por lo que debe someterse a los principios del organismo en materia de descolonizaci\u00f3n. <\/p>\n<p>Durante la d\u00e9cada de los a\u00f1os 50 y 60, unos setenta pa\u00edses asi\u00e1ticos y africanos consiguieron su independencia. <\/p>\n<p>Sin embargo, la actitud espa\u00f1ola fue la de intentar ganar tiempo para eludirla. <\/p>\n<p>En 1963 el Comit\u00e9 Especial de Descolonizaci\u00f3n de Naciones Unidas inclu\u00eda el Sahara Occidental en la relaci\u00f3n preliminar de regiones del mundo a las que se deb\u00eda aplicar la Declaraci\u00f3n sobre la independencia a pa\u00edses y territorios coloniales. <\/p>\n<p>En 1965 la ONU proclam\u00f3 el derecho a la autodeterminaci\u00f3n del pueblo saharaui e inst\u00f3 a Espa\u00f1a a que agilizara su descolonizaci\u00f3n. <\/p>\n<p>A\u00f1os antes, el Rey de Marruecos hab\u00eda manifestado su intenci\u00f3n de anexionarse los territorios del Sahara Occidental. <\/p>\n<p>A principios de los a\u00f1os 70 y ante la presi\u00f3n internacional, Espa\u00f1a decidi\u00f3 convocar un refer\u00e9ndum de autodeterminaci\u00f3n con la elaboraci\u00f3n del censo de la poblaci\u00f3n de S\u00e1hara Occidental. <\/p>\n<p>La fecha para el refer\u00e9ndum fue 1975 y a partir de ese momento comenzaron las presiones de Marruecos y de las dem\u00e1s potencias coloniales para hacer lento el proceso. <\/p>\n<p>En 1973 se forma el Congreso Constitutivo del Frente por la Liberaci\u00f3n de Saguia el Hamra y R\u00edo de Oro, conocido como Frente Polisario. <\/p>\n<p>El 12 de mayo de 1975, una Comisi\u00f3n de la ONU viaja al territorio saharaui y comprueba que \u201cel Polisario es la \u00fanica fuerza pol\u00edtica dominante en el territorio y que la inmensa mayor\u00eda del pueblo desea la independencia\u201d. <\/p>\n<p>Pero durante ese mismo a\u00f1o, y en medio del proceso de la transici\u00f3n en Espa\u00f1a con la muerte de Franco, el Gobierno espa\u00f1ol en flagrante traici\u00f3n a los acuerdos, y por presiones de Henry Kissinger secretario de Estado de Washington, entrega el territorio de S\u00e1hara Occidental a Mauritania y Marruecos. <\/p>\n<p>El pueblo saharaui, que nunca ha aceptado el robo que se hizo de su tierra, a la sumisi\u00f3n prefiri\u00f3 el exilio en medio de un desierto riguroso donde la comunidad internacional lo tiene confinado desde hace ya tres d\u00e9cadas, y los que quedaron en su territorio siguen ejerciendo la resistencia ante la invasi\u00f3n colonial. Esta es la resistencia que ha estallado estos d\u00edas y que se activ\u00f3 con un reclamo de mejoras sociales de vivienda y trabajo para la poblaci\u00f3n saharaui.<\/div>\n","protected":false},"excerpt":{"rendered":"<p>Hay incidentes que pueden marcar un punto de coyuntura en la historia, que pueden hacer un llamado al mundo sobre una situaci\u00f3n hasta el momento&#8230;<\/p>\n","protected":false},"author":1,"featured_media":0,"parent":0,"menu_order":0,"comment_status":"closed","ping_status":"closed","template":"","meta":{"footnotes":""},"class_list":["post-14904","page","type-page","status-publish","hentry"],"_links":{"self":[{"href":"http:\/\/xnalgrt.cluster100.hosting.ovh.net\/index.php\/wp-json\/wp\/v2\/pages\/14904","targetHints":{"allow":["GET"]}}],"collection":[{"href":"http:\/\/xnalgrt.cluster100.hosting.ovh.net\/index.php\/wp-json\/wp\/v2\/pages"}],"about":[{"href":"http:\/\/xnalgrt.cluster100.hosting.ovh.net\/index.php\/wp-json\/wp\/v2\/types\/page"}],"author":[{"embeddable":true,"href":"http:\/\/xnalgrt.cluster100.hosting.ovh.net\/index.php\/wp-json\/wp\/v2\/users\/1"}],"replies":[{"embeddable":true,"href":"http:\/\/xnalgrt.cluster100.hosting.ovh.net\/index.php\/wp-json\/wp\/v2\/comments?post=14904"}],"version-history":[{"count":0,"href":"http:\/\/xnalgrt.cluster100.hosting.ovh.net\/index.php\/wp-json\/wp\/v2\/pages\/14904\/revisions"}],"wp:attachment":[{"href":"http:\/\/xnalgrt.cluster100.hosting.ovh.net\/index.php\/wp-json\/wp\/v2\/media?parent=14904"}],"curies":[{"name":"wp","href":"https:\/\/api.w.org\/{rel}","templated":true}]}}